{"id":1031,"date":"2022-04-15T11:10:25","date_gmt":"2022-04-15T10:10:25","guid":{"rendered":"https:\/\/camping-stmoritz.ch\/amenities\/"},"modified":"2026-03-27T08:56:38","modified_gmt":"2026-03-27T07:56:38","slug":"amenities","status":"publish","type":"page","link":"https:\/\/camping-stmoritz.ch\/en\/amenities\/","title":{"rendered":"Amenities"},"content":{"rendered":"<div class=\"wpb-content-wrapper\"><p>[vc_row gap=&#8221;35&#8243; css=&#8221;.vc_custom_1771339756345{padding-top: 60px !important;padding-bottom: 60px !important;}&#8221;][vc_column width=&#8221;1\/3&#8243; offset=&#8221;vc_col-lg-offset-0 vc_col-lg-4 vc_col-md-offset-0 vc_col-md-4 vc_col-sm-offset-0 vc_col-xs-12&#8243; css=&#8221;.vc_custom_1650390251385{background-color: #f15e75 !important;border-radius: 10px !important;}&#8221; el_class=&#8221;pinkbox&#8221;][vc_column_text css_animation=&#8221;bounceInLeft&#8221; css=&#8221;.vc_custom_1767901448286{padding-left: 15px !important;background-color: #f15e75 !important;border-radius: 10px !important;}&#8221; el_class=&#8221;facilities&#8221;]<\/p>\n<h3><span style=\"color: #ffffff;\">Saison<br \/>\n13 Mai until 18 October 2026<\/span><\/h3>\n<p style=\"text-align: left;\">Opening hours<\/p>\n<ul>\n<li style=\"text-align: left;\">Check out Reception 08:00 &#8211; 11:30<\/li>\n<li style=\"text-align: left;\">Check In Reception Low Season 14:30- 18:00 \/ High Season 14:00 \u2013 19:00<\/li>\n<li style=\"text-align: left;\">Restaurant Opening time Low Season 11:30 \u2013 18:00\/ High Season 20:00<\/li>\n<li style=\"text-align: left;\">Area: 4 hectars<\/li>\n<li style=\"text-align: left;\">Nr. of Pitches: 150<\/li>\n<\/ul>\n<p>[\/vc_column_text][\/vc_column][vc_column width=&#8221;1\/3&#8243;][vc_column_text css=&#8221;&#8221;]<\/p>\n<p data-start=\"75\" data-end=\"441\">The campsite boasts a <strong>new, modern sanitary facility.<\/strong> The naturally designed rooms, constructed from Swiss pine, offer a beautiful panoramic view of the forest. Amenities include spacious family showers, a wheelchair-accessible toilet, clean restrooms, a washing machine, and a tumble dryer. Comfortable common areas with a kitchen and dining area are also available.   <\/p>\n<p data-start=\"443\" data-end=\"782\">Families will find exactly what they&#8217;re looking for here: There&#8217;s a playground right on the campsite, and the largest playground in the region is just a short walk away. Also nearby are a swimming lake with a beach and the <a href=\"https:\/\/www.ovaverva.ch\/de\/hallenbad\">Ovaverva <\/a>indoor swimming pool complex with indoor and outdoor pools, a children&#8217;s pool, slides, and a large spa area. <\/p>\n<p data-start=\"784\" data-end=\"877\">We are a dog-friendly campsite \u2013 your four-legged friends are welcome to accompany you free of charge.<\/p>\n<p data-start=\"879\" data-end=\"993\">If you are sensitive to noise, please be aware of the nearby <a href=\"https:\/\/www.wtcstmoritz.ch\/agenda\/\">skeet shooting club<\/a>. We would be happy to provide you with further information. <\/p>\n<p><a href=\"https:\/\/camping-stmoritz.ch\/en\/general-terms-and-conditions-agb\/\">Terms and Conditions<\/a>[\/vc_column_text][\/vc_column][vc_column width=&#8221;1\/3&#8243;][vc_single_image image=&#8221;1461&#8243; img_size=&#8221;large&#8221; alignment=&#8221;right&#8221; style=&#8221;vc_box_rounded&#8221; css=&#8221;&#8221;][\/vc_column][\/vc_row][vc_row full_width=&#8221;stretch_row_content_no_spaces&#8221; css=&#8221;.vc_custom_1650873044029{margin-top: 0px !important;margin-bottom: 0px !important;padding-top: 0px !important;padding-bottom: 0px !important;background-image: url(https:\/\/camping-stmoritz.ch\/wp-content\/uploads\/2022\/04\/IMG_1823.jpg?id=473) !important;background-position: center !important;background-repeat: no-repeat !important;background-size: cover !important;}&#8221;][vc_column]<div class=\"ult-spacer spacer-69e656060fb04\" data-id=\"69e656060fb04\" data-height=\"300\" data-height-mobile=\"300\" data-height-tab=\"300\" data-height-tab-portrait=\"\" data-height-mobile-landscape=\"\" style=\"clear:both;display:block;\"><\/div>[\/vc_column][\/vc_row][vc_row full_width=&#8221;stretch_row&#8221; gap=&#8221;35&#8243; css=&#8221;.vc_custom_1650020028233{padding-top: 60px !important;padding-bottom: 60px !important;background-color: #f1f1f1 !important;}&#8221;][vc_column width=&#8221;2\/3&#8243;][vc_column_text el_class=&#8221;facilities&#8221;]<\/p>\n<h3>Sports and leisure activities<\/h3>\n<p>[\/vc_column_text][vc_column_text css=&#8221;&#8221; el_class=&#8221;facilities duecolonne&#8221;]<\/p>\n<ul>\n<li><a href=\"https:\/\/www.engadin.ch\/de\/guide\/aktivitaeten\/natur\/badesee-lej-marsch\">Baden im See<\/a>, Lej Marsch<\/li>\n<li><a style=\"color: #005177; outline: 0px; text-decoration: none; box-shadow: #bfe6ff 0px 0px 0px 1px;\" href=\"https:\/\/www.engadin.ch\/de\/guide\/aktivitaeten\/freizeit-aktivitaeten-und-erholung-fuer-jeden-geschmack\/diverse-feuerstellen-am-lej-marsch\">Barbecue areas <\/a>by the lake<\/li>\n<li><a href=\"https:\/\/www.engadin.ch\/de\/guide\/aktivitaeten\/freizeit-aktivitaeten-und-erholung-fuer-jeden-geschmack\/kinderspielplatz-via-da-lova-cotschna\">Kids playground <\/a>near by<\/li>\n<li>rentel bikes<\/li>\n<li><a style=\"color: #005177; outline: 0px; text-decoration: none; box-shadow: #bfe6ff 0px 0px 0px 1px;\" href=\"https:\/\/www.tennis-stmoritz.ch\/de\">Tennisplatz und Squash<\/a><\/li>\n<li><a style=\"color: #005177; outline: 0px; text-decoration: none; box-shadow: #bfe6ff 0px 0px 0px 1px;\" href=\"https:\/\/windsurfing-silvaplana.ch\">Vermietung<\/a> SUP | Kanu |Surf Equipment<\/li>\n<li><a style=\"box-shadow: #bfe6ff 0px 0px 0px 1px;\" href=\"https:\/\/scstm.ch\/segelschule\/\">Segelkurs <\/a><\/li>\n<li>Football pitch<\/li>\n<li>Panorama Fahrt <a href=\"https:\/\/www.rhb.ch\/de\/panoramafahrten\/bernina-express\/?tabs-3lU5hcqyomyK2PouyVJ5yb=1sModboqFHo4w9B1fEQGOL&amp;tabs-1rc9eqDrGqT4nM0gL2KvXq=5NBi6C5SsaTsk4bvHw2gjs\">Bernina Express<\/a><\/li>\n<li>Pigeon shooting<\/li>\n<\/ul>\n<p>[\/vc_column_text][vc_single_image image=&#8221;964&#8243; img_size=&#8221;large&#8221; style=&#8221;vc_box_rounded&#8221; css=&#8221;&#8221;][\/vc_column][vc_column width=&#8221;1\/3&#8243; css=&#8221;.vc_custom_1650036866385{background-color: #f15e75 !important;border-radius: 10px !important;}&#8221; el_class=&#8221;pinkbox&#8221;][vc_column_text css_animation=&#8221;bounceInRight&#8221; css=&#8221;.vc_custom_1771344580763{padding-left: 15px !important;}&#8221; el_class=&#8221;facilities&#8221;]<\/p>\n<h3><span style=\"color: #ffffff;\">Specials<\/span><\/h3>\n<ul>\n<li>Part of Terraviva<br \/>\n&lt; Biodiversity on campsites&gt;<\/li>\n<li>Herbal excursions<\/li>\n<li>Mushroomhunting excursions<\/li>\n<li>Natural cosmetics courses<\/li>\n<li>Yoga &amp; Health Retreats<\/li>\n<li>discounted day tickets for the Ovaverva (swimming pool)<\/li>\n<\/ul>\n<p>[\/vc_column_text][\/vc_column][\/vc_row][vc_row full_width=&#8221;stretch_row&#8221; gap=&#8221;35&#8243; css=&#8221;.vc_custom_1650390211014{padding-top: 60px !important;padding-bottom: 60px !important;}&#8221;][vc_column width=&#8221;2\/3&#8243;][vc_single_image image=&#8221;954&#8243; img_size=&#8221;large&#8221; style=&#8221;vc_box_rounded&#8221; css=&#8221;&#8221;][\/vc_column][vc_column width=&#8221;1\/3&#8243; el_class=&#8221;pinkbox&#8221;][vc_column_text css=&#8221;&#8221; el_class=&#8221;facilities&#8221;]<\/p>\n<h3>Minimarket<\/h3>\n<p>[\/vc_column_text][vc_column_text css=&#8221;&#8221; el_class=&#8221;facilities&#8221;]In addition to our bistro, we also have a small mini-market in the new main building. Here you&#8217;ll find freshly baked bread and croissants, milk, eggs, homemade jams, honey, and farmer&#8217;s sausage. Of course, you&#8217;ll also find camping supplies for everyday use and souvenirs made in the Engadine region.  <\/p>\n<p><strong>We will gladly accept your bread and roll orders until 4:00 PM for the following day directly at the check-in reception or by phone at 077 456 84 43.<\/strong><\/p>\n<p>With your purchase you support local companies and sustainable food. Thank you.<\/p>\n<p>&nbsp;<\/p>\n<h5><\/h5>\n<p>[\/vc_column_text][\/vc_column][\/vc_row][vc_row full_width=&#8221;stretch_row&#8221; gap=&#8221;35&#8243; css=&#8221;.vc_custom_1650388079163{padding-top: 60px !important;padding-bottom: 60px !important;background-color: #f1f1f1 !important;}&#8221;][vc_column width=&#8221;1\/3&#8243;][vc_column_text css=&#8221;&#8221; el_class=&#8221;facilities&#8221;]<\/p>\n<h3>What does the future hold?<\/h3>\n<p>[\/vc_column_text][vc_column_text css=&#8221;&#8221; el_class=&#8221;facilities&#8221;]<\/p>\n<p data-start=\"102\" data-end=\"437\">WeThose who have known the place for a while know how much has changed in recent years. Change takes time and patience. <\/p>\n<p data-start=\"102\" data-end=\"437\">Another major development is on the horizon: The power line pylon is expected to be dismantled by 2028 at the latest. This opens up new possibilities for the site to further develop our concept in an even more nature-oriented way. <\/p>\n<p>[\/vc_column_text][vc_column_text css=&#8221;&#8221; el_class=&#8221;facilities&#8221;]<\/p>\n<h3>Promote biodiversity<\/h3>\n<p>[\/vc_column_text][vc_column_text css=&#8221;&#8221;]<span class=\"normaltextrun\"><b>Promote biodiversity<\/b><\/span><span data-ccp-props=\"{}\"><span class=\"eop\"> <\/span><\/span><\/p>\n<div>\n<p class=\"paragraph\"><span xml:lang=\"DE-CH\" data-contrast=\"auto\">Since 2025 we have been part of the pilot project \u201cBiodiversity on campsites\u201d<\/span><span xml:lang=\"DE-CH\" data-contrast=\"auto\"> the Biodiversity Foundation of Graub\u00fcnden and Graub\u00fcnden Tourism. As part of an expert consultation, <span class=\"apple-converted-space\"> <\/span><\/span>The natural potential was analyzed and specific enhancement measures were defined.<\/p>\n<\/div>\n<div>\n<p class=\"paragraph\">We strive <span class=\"apple-converted-space\"> <\/span>Gradually increasing biodiversity in open areas<span class=\"apple-converted-space\"><span xml:lang=\"DE-CH\" data-contrast=\"auto\"> <\/span><\/span>and would like to make these tangible and understandable for our guests.<br \/><span lang=\"DE-CH\" data-contrast=\"auto\"><\/span><\/p>\n<p class=\"paragraph\"><span lang=\"DE-CH\" data-contrast=\"auto\"><span class=\"normaltextrun\">Our Projectpartner<\/span>:<span class=\"normaltextrun\">\u202f<\/span><\/span><a href=\"https:\/\/www.biodiversitaet-gr.ch\/\" target=\"_blank\" rel=\"noopener\"><span class=\"normaltextrun\"><span data-ccp-charstyle=\"Hyperlink\"><span lang=\"DE-CH\" data-contrast=\"none\">biodiversitaet-gr.ch<\/span><\/span><\/span><\/a><span lang=\"DE-CH\" data-contrast=\"auto\"><span class=\"apple-converted-space\"> <span class=\"normaltextrun\">\/<\/span> <\/span><\/span><span lang=\"DE-CH\" data-contrast=\"auto\"><a href=\"http:\/\/www.graubuendenferien.ch\/\" target=\"_blank\" rel=\"noopener\"><span class=\"normaltextrun\"><span data-ccp-charstyle=\"Hyperlink\">www.graubuendenferien.ch<\/span><\/span><\/a><\/span><span class=\"eop\"><span data-ccp-props=\"{}\"> <\/span><\/span><\/p>\n<\/div>\n<p>[\/vc_column_text][\/vc_column][vc_column width=&#8221;2\/3&#8243; el_class=&#8221;pinkbox&#8221;][vc_single_image image=&#8221;1808&#8243; img_size=&#8221;full&#8221; style=&#8221;vc_box_rounded&#8221; css=&#8221;&#8221;][vc_column_text css=&#8221;&#8221;]<\/p>\n<p data-start=\"439\" data-end=\"658\"><strong data-start=\"660\" data-end=\"744\">These are measures we would like to implement:<\/strong><\/p>\n<ul data-start=\"746\" data-end=\"1767\">\n<li data-section-id=\"1inwv6g\" data-start=\"746\" data-end=\"960\">\n<p data-start=\"748\" data-end=\"960\">Promoting structural diversity by mowing sections of the land at staggered times, alternately, or later. This creates valuable food sources from wild plants and improves root and soil structure. <\/p>\n<\/li>\n<li data-section-id=\"1je2mpx\" data-start=\"961\" data-end=\"1078\">\n<p data-start=\"963\" data-end=\"1078\">Promoting the natural reseeding of meadows in order to preserve and strengthen biodiversity in the long term.<\/p>\n<\/li>\n<li data-section-id=\"1ts86ub\" data-start=\"1079\" data-end=\"1199\">\n<p data-start=\"1081\" data-end=\"1199\">Development and promotion of woodland groups with native shrubs as habitats and retreats for animals.<\/p>\n<\/li>\n<li data-section-id=\"1u91fzc\" data-start=\"1200\" data-end=\"1344\">\n<p data-start=\"1202\" data-end=\"1344\">Targeted placement of deadwood structures such as piles of branches or tree stumps to create additional habitats for insects and small animals.<\/p>\n<\/li>\n<li data-section-id=\"d08v0u\" data-start=\"1345\" data-end=\"1486\">\n<p data-start=\"1347\" data-end=\"1486\">AnlagCreation of flower islands with site-appropriate wild perennials to expand the range of flowers and to promote ecological diversity.<\/p>\n<\/li>\n<li data-section-id=\"6g6aqr\" data-start=\"1487\" data-end=\"1627\">\n<p data-start=\"1489\" data-end=\"1627\">Promote valuable trees and willows along the ditch. Species such as rowan, sycamore maple, or juniper provide food and structure. <\/p>\n<\/li>\n<li data-section-id=\"uh7hwq\" data-start=\"1628\" data-end=\"1767\">\n<p data-start=\"1630\" data-end=\"1767\">Conscious use of light: Where possible, light emissions are reduced \u2013 for the benefit of insects, bats and the starry sky.<\/p>\n<\/li>\n<\/ul>\n<p data-start=\"1769\" data-end=\"1841\"><strong data-start=\"1769\" data-end=\"1841\">Differentiated mowing concept \u2013 not every area is maintained in the same way:<\/strong><\/p>\n<ul data-start=\"1843\" data-end=\"2203\">\n<li data-section-id=\"r8htdr\" data-start=\"1843\" data-end=\"1909\">\n<p data-start=\"1845\" data-end=\"1909\">Areas that are used intensively remain robust and durable.<\/p>\n<\/li>\n<li data-section-id=\"1cdo4v5\" data-start=\"1910\" data-end=\"1962\">\n<p data-start=\"1912\" data-end=\"1962\">WenigeLess frequently used areas are mowed less often.<\/p>\n<\/li>\n<li data-section-id=\"1jim19j\" data-start=\"1963\" data-end=\"2088\">\n<p data-start=\"1965\" data-end=\"2088\">Biodiversity areas are only cut once a year \u2013 with a higher cutting height and retreat strips for insects.<\/p>\n<\/li>\n<li data-section-id=\"18giagx\" data-start=\"2089\" data-end=\"2203\">\n<p data-start=\"2091\" data-end=\"2203\">In river areas, the cut material is sometimes left lying briefly after mowing so that insects can escape.<\/p>\n<\/li>\n<\/ul>\n<p>[\/vc_column_text][\/vc_column][\/vc_row]<\/p>\n<\/div>","protected":false},"excerpt":{"rendered":"<p>[vc_row gap=&#8221;35&#8243; css=&#8221;.vc_custom_1771339756345{padding-top: 60px !important;padding-bottom: 60px !important;}&#8221;][vc_column width=&#8221;1\/3&#8243; offset=&#8221;vc_col-lg-offset-0 vc_col-lg-4 vc_col-md-offset-0 vc_col-md-4 vc_col-sm-offset-0 vc_col-xs-12&#8243; css=&#8221;.vc_custom_1650390251385{background-color: #f15e75 !important;border-radius: 10px !important;}&#8221; el_class=&#8221;pinkbox&#8221;][vc_column_text css_animation=&#8221;bounceInLeft&#8221; css=&#8221;.vc_custom_1767901448286{padding-left: 15px !important;background-color: #f15e75 !important;border-radius: 10px !important;}&#8221; el_class=&#8221;facilities&#8221;] Saison 13 Mai until 18 October 2026 Opening hours Check out Reception 08:00 &#8211; 11:30 Check In Reception Low Season 14:30- 18:00 \/ High Season 14:00&hellip;<\/p>\n","protected":false},"author":1,"featured_media":1465,"parent":0,"menu_order":0,"comment_status":"closed","ping_status":"closed","template":"","meta":{"footnotes":""},"class_list":["post-1031","page","type-page","status-publish","has-post-thumbnail","hentry","description-off"],"yoast_head":"<!-- This site is optimized with the Yoast SEO plugin v27.2 - https:\/\/yoast.com\/product\/yoast-seo-wordpress\/ -->\n<title>Amenities - Camping Sankt Moritz<\/title>\n<meta name=\"description\" content=\"Camping St. Moritz - camping with a tent in the natural forest or on a large plot with a California, motorhome or caravan.\" \/>\n<meta name=\"robots\" content=\"index, follow, max-snippet:-1, max-image-preview:large, max-video-preview:-1\" \/>\n<link rel=\"canonical\" href=\"https:\/\/camping-stmoritz.ch\/en\/amenities\/\" \/>\n<meta property=\"og:locale\" content=\"en_US\" \/>\n<meta property=\"og:type\" content=\"article\" \/>\n<meta property=\"og:title\" content=\"Amenities - Camping Sankt Moritz\" \/>\n<meta property=\"og:description\" content=\"Camping St. Moritz - camping with a tent in the natural forest or on a large plot with a California, motorhome or caravan.\" \/>\n<meta property=\"og:url\" content=\"https:\/\/camping-stmoritz.ch\/en\/amenities\/\" \/>\n<meta property=\"og:site_name\" content=\"Camping Sankt Moritz\" \/>\n<meta property=\"article:modified_time\" content=\"2026-03-27T07:56:38+00:00\" \/>\n<meta property=\"og:image\" content=\"https:\/\/camping-stmoritz.ch\/wp-content\/uploads\/2026\/02\/procaphoto-8649.jpg\" \/>\n\t<meta property=\"og:image:width\" content=\"2048\" \/>\n\t<meta property=\"og:image:height\" content=\"1365\" \/>\n\t<meta property=\"og:image:type\" content=\"image\/jpeg\" \/>\n<meta name=\"twitter:card\" content=\"summary_large_image\" \/>\n<meta name=\"twitter:label1\" content=\"Est. reading time\" \/>\n\t<meta name=\"twitter:data1\" content=\"3 minutes\" \/>\n<script type=\"application\/ld+json\" class=\"yoast-schema-graph\">{\"@context\":\"https:\/\/schema.org\",\"@graph\":[{\"@type\":\"WebPage\",\"@id\":\"https:\/\/camping-stmoritz.ch\/en\/amenities\/\",\"url\":\"https:\/\/camping-stmoritz.ch\/en\/amenities\/\",\"name\":\"Amenities - Camping Sankt Moritz\",\"isPartOf\":{\"@id\":\"https:\/\/camping-stmoritz.ch\/en\/#website\"},\"primaryImageOfPage\":{\"@id\":\"https:\/\/camping-stmoritz.ch\/en\/amenities\/#primaryimage\"},\"image\":{\"@id\":\"https:\/\/camping-stmoritz.ch\/en\/amenities\/#primaryimage\"},\"thumbnailUrl\":\"https:\/\/camping-stmoritz.ch\/wp-content\/uploads\/2026\/02\/procaphoto-8649.jpg\",\"datePublished\":\"2022-04-15T10:10:25+00:00\",\"dateModified\":\"2026-03-27T07:56:38+00:00\",\"description\":\"Camping St. Moritz - camping with a tent in the natural forest or on a large plot with a California, motorhome or caravan.\",\"breadcrumb\":{\"@id\":\"https:\/\/camping-stmoritz.ch\/en\/amenities\/#breadcrumb\"},\"inLanguage\":\"en-US\",\"potentialAction\":[{\"@type\":\"ReadAction\",\"target\":[\"https:\/\/camping-stmoritz.ch\/en\/amenities\/\"]}]},{\"@type\":\"ImageObject\",\"inLanguage\":\"en-US\",\"@id\":\"https:\/\/camping-stmoritz.ch\/en\/amenities\/#primaryimage\",\"url\":\"https:\/\/camping-stmoritz.ch\/wp-content\/uploads\/2026\/02\/procaphoto-8649.jpg\",\"contentUrl\":\"https:\/\/camping-stmoritz.ch\/wp-content\/uploads\/2026\/02\/procaphoto-8649.jpg\",\"width\":2048,\"height\":1365,\"caption\":\"Foto von den Stellpl\u00e4tzen auf dem Campingplatz St. Moritz mit dem Sanit\u00e4rgeb\u00e4ude\"},{\"@type\":\"BreadcrumbList\",\"@id\":\"https:\/\/camping-stmoritz.ch\/en\/amenities\/#breadcrumb\",\"itemListElement\":[{\"@type\":\"ListItem\",\"position\":1,\"name\":\"Home\",\"item\":\"https:\/\/camping-stmoritz.ch\/en\/\"},{\"@type\":\"ListItem\",\"position\":2,\"name\":\"Amenities\"}]},{\"@type\":\"WebSite\",\"@id\":\"https:\/\/camping-stmoritz.ch\/en\/#website\",\"url\":\"https:\/\/camping-stmoritz.ch\/en\/\",\"name\":\"Camping Sankt Moritz\",\"description\":\"Campsite in wonderful Engadin Valley\",\"potentialAction\":[{\"@type\":\"SearchAction\",\"target\":{\"@type\":\"EntryPoint\",\"urlTemplate\":\"https:\/\/camping-stmoritz.ch\/en\/?s={search_term_string}\"},\"query-input\":{\"@type\":\"PropertyValueSpecification\",\"valueRequired\":true,\"valueName\":\"search_term_string\"}}],\"inLanguage\":\"en-US\"}]}<\/script>\n<!-- \/ Yoast SEO plugin. -->","yoast_head_json":{"title":"Amenities - Camping Sankt Moritz","description":"Camping St. Moritz - camping with a tent in the natural forest or on a large plot with a California, motorhome or caravan.","robots":{"index":"index","follow":"follow","max-snippet":"max-snippet:-1","max-image-preview":"max-image-preview:large","max-video-preview":"max-video-preview:-1"},"canonical":"https:\/\/camping-stmoritz.ch\/en\/amenities\/","og_locale":"en_US","og_type":"article","og_title":"Amenities - Camping Sankt Moritz","og_description":"Camping St. Moritz - camping with a tent in the natural forest or on a large plot with a California, motorhome or caravan.","og_url":"https:\/\/camping-stmoritz.ch\/en\/amenities\/","og_site_name":"Camping Sankt Moritz","article_modified_time":"2026-03-27T07:56:38+00:00","og_image":[{"width":2048,"height":1365,"url":"https:\/\/camping-stmoritz.ch\/wp-content\/uploads\/2026\/02\/procaphoto-8649.jpg","type":"image\/jpeg"}],"twitter_card":"summary_large_image","twitter_misc":{"Est. reading time":"3 minutes"},"schema":{"@context":"https:\/\/schema.org","@graph":[{"@type":"WebPage","@id":"https:\/\/camping-stmoritz.ch\/en\/amenities\/","url":"https:\/\/camping-stmoritz.ch\/en\/amenities\/","name":"Amenities - Camping Sankt Moritz","isPartOf":{"@id":"https:\/\/camping-stmoritz.ch\/en\/#website"},"primaryImageOfPage":{"@id":"https:\/\/camping-stmoritz.ch\/en\/amenities\/#primaryimage"},"image":{"@id":"https:\/\/camping-stmoritz.ch\/en\/amenities\/#primaryimage"},"thumbnailUrl":"https:\/\/camping-stmoritz.ch\/wp-content\/uploads\/2026\/02\/procaphoto-8649.jpg","datePublished":"2022-04-15T10:10:25+00:00","dateModified":"2026-03-27T07:56:38+00:00","description":"Camping St. Moritz - camping with a tent in the natural forest or on a large plot with a California, motorhome or caravan.","breadcrumb":{"@id":"https:\/\/camping-stmoritz.ch\/en\/amenities\/#breadcrumb"},"inLanguage":"en-US","potentialAction":[{"@type":"ReadAction","target":["https:\/\/camping-stmoritz.ch\/en\/amenities\/"]}]},{"@type":"ImageObject","inLanguage":"en-US","@id":"https:\/\/camping-stmoritz.ch\/en\/amenities\/#primaryimage","url":"https:\/\/camping-stmoritz.ch\/wp-content\/uploads\/2026\/02\/procaphoto-8649.jpg","contentUrl":"https:\/\/camping-stmoritz.ch\/wp-content\/uploads\/2026\/02\/procaphoto-8649.jpg","width":2048,"height":1365,"caption":"Foto von den Stellpl\u00e4tzen auf dem Campingplatz St. Moritz mit dem Sanit\u00e4rgeb\u00e4ude"},{"@type":"BreadcrumbList","@id":"https:\/\/camping-stmoritz.ch\/en\/amenities\/#breadcrumb","itemListElement":[{"@type":"ListItem","position":1,"name":"Home","item":"https:\/\/camping-stmoritz.ch\/en\/"},{"@type":"ListItem","position":2,"name":"Amenities"}]},{"@type":"WebSite","@id":"https:\/\/camping-stmoritz.ch\/en\/#website","url":"https:\/\/camping-stmoritz.ch\/en\/","name":"Camping Sankt Moritz","description":"Campsite in wonderful Engadin Valley","potentialAction":[{"@type":"SearchAction","target":{"@type":"EntryPoint","urlTemplate":"https:\/\/camping-stmoritz.ch\/en\/?s={search_term_string}"},"query-input":{"@type":"PropertyValueSpecification","valueRequired":true,"valueName":"search_term_string"}}],"inLanguage":"en-US"}]}},"_links":{"self":[{"href":"https:\/\/camping-stmoritz.ch\/en\/wp-json\/wp\/v2\/pages\/1031","targetHints":{"allow":["GET"]}}],"collection":[{"href":"https:\/\/camping-stmoritz.ch\/en\/wp-json\/wp\/v2\/pages"}],"about":[{"href":"https:\/\/camping-stmoritz.ch\/en\/wp-json\/wp\/v2\/types\/page"}],"author":[{"embeddable":true,"href":"https:\/\/camping-stmoritz.ch\/en\/wp-json\/wp\/v2\/users\/1"}],"replies":[{"embeddable":true,"href":"https:\/\/camping-stmoritz.ch\/en\/wp-json\/wp\/v2\/comments?post=1031"}],"version-history":[{"count":42,"href":"https:\/\/camping-stmoritz.ch\/en\/wp-json\/wp\/v2\/pages\/1031\/revisions"}],"predecessor-version":[{"id":2113,"href":"https:\/\/camping-stmoritz.ch\/en\/wp-json\/wp\/v2\/pages\/1031\/revisions\/2113"}],"wp:featuredmedia":[{"embeddable":true,"href":"https:\/\/camping-stmoritz.ch\/en\/wp-json\/wp\/v2\/media\/1465"}],"wp:attachment":[{"href":"https:\/\/camping-stmoritz.ch\/en\/wp-json\/wp\/v2\/media?parent=1031"}],"curies":[{"name":"wp","href":"https:\/\/api.w.org\/{rel}","templated":true}]}}